{"id":446,"date":"2022-05-28T15:44:56","date_gmt":"2022-05-28T18:44:56","guid":{"rendered":"https:\/\/carlamarques.com.br\/terapias-integrativas\/?page_id=446"},"modified":"2022-05-28T17:16:20","modified_gmt":"2022-05-28T20:16:20","slug":"acupuntura-digital","status":"publish","type":"page","link":"https:\/\/carlamarques.com.br\/terapias-integrativas\/acupuntura-digital\/","title":{"rendered":"Acupuntura digital"},"content":{"rendered":"\t\t<div data-elementor-type=\"wp-page\" data-elementor-id=\"446\" class=\"elementor elementor-446\">\n\t\t\t\t\t\t\t\t\t<section data-particle_enable=\"false\" data-particle-mobile-disabled=\"false\" class=\"elementor-section elementor-top-section elementor-element elementor-element-bf6ba87 elementor-section-full_width elementor-section-height-default elementor-section-height-default\" data-id=\"bf6ba87\" data-element_type=\"section\" data-settings=\"{&quot;background_background&quot;:&quot;classic&quot;,&quot;shape_divider_bottom&quot;:&quot;mountains&quot;,&quot;jet_parallax_layout_list&quot;:[],&quot;_ha_eqh_enable&quot;:false,&quot;ekit_has_onepagescroll_dot&quot;:&quot;yes&quot;}\">\n\t\t\t\t\t\t\t<div class=\"elementor-background-overlay\"><\/div>\n\t\t\t\t\t\t<div class=\"elementor-shape elementor-shape-bottom\" data-negative=\"false\">\n\t\t\t<svg xmlns=\"http:\/\/www.w3.org\/2000\/svg\" viewBox=\"0 0 1000 100\" preserveAspectRatio=\"none\">\n\t<path class=\"elementor-shape-fill\" opacity=\"0.33\" d=\"M473,67.3c-203.9,88.3-263.1-34-320.3,0C66,119.1,0,59.7,0,59.7V0h1000v59.7 c0,0-62.1,26.1-94.9,29.3c-32.8,3.3-62.8-12.3-75.8-22.1C806,49.6,745.3,8.7,694.9,4.7S492.4,59,473,67.3z\"\/>\n\t<path class=\"elementor-shape-fill\" opacity=\"0.66\" d=\"M734,67.3c-45.5,0-77.2-23.2-129.1-39.1c-28.6-8.7-150.3-10.1-254,39.1 s-91.7-34.4-149.2,0C115.7,118.3,0,39.8,0,39.8V0h1000v36.5c0,0-28.2-18.5-92.1-18.5C810.2,18.1,775.7,67.3,734,67.3z\"\/>\n\t<path class=\"elementor-shape-fill\" d=\"M766.1,28.9c-200-57.5-266,65.5-395.1,19.5C242,1.8,242,5.4,184.8,20.6C128,35.8,132.3,44.9,89.9,52.5C28.6,63.7,0,0,0,0 h1000c0,0-9.9,40.9-83.6,48.1S829.6,47,766.1,28.9z\"\/>\n<\/svg>\t\t<\/div>\n\t\t\t\t\t<div class=\"elementor-container elementor-column-gap-default\">\n\t\t\t\t\t<div class=\"elementor-column elementor-col-100 elementor-top-column elementor-element elementor-element-f116dd5\" data-id=\"f116dd5\" data-element_type=\"column\">\n\t\t\t<div class=\"elementor-widget-wrap elementor-element-populated\">\n\t\t\t\t\t\t\t\t<div class=\"elementor-element elementor-element-619454b elementor-invisible elementor-widget elementor-widget-heading\" data-id=\"619454b\" data-element_type=\"widget\" data-settings=\"{&quot;_animation&quot;:&quot;fadeInLeft&quot;,&quot;ekit_we_effect_on&quot;:&quot;none&quot;}\" data-widget_type=\"heading.default\">\n\t\t\t\t<div class=\"elementor-widget-container\">\n\t\t\t<style>\/*! elementor - v3.6.5 - 27-04-2022 *\/\n.elementor-heading-title{padding:0;margin:0;line-height:1}.elementor-widget-heading .elementor-heading-title[class*=elementor-size-]>a{color:inherit;font-size:inherit;line-height:inherit}.elementor-widget-heading .elementor-heading-title.elementor-size-small{font-size:15px}.elementor-widget-heading .elementor-heading-title.elementor-size-medium{font-size:19px}.elementor-widget-heading .elementor-heading-title.elementor-size-large{font-size:29px}.elementor-widget-heading .elementor-heading-title.elementor-size-xl{font-size:39px}.elementor-widget-heading .elementor-heading-title.elementor-size-xxl{font-size:59px}<\/style><h2 class=\"elementor-heading-title elementor-size-default\">Acupuntura Digital \u2013 Trigramas Chineses<\/h2>\t\t<\/div>\n\t\t\t\t<\/div>\n\t\t\t\t<section data-particle_enable=\"false\" data-particle-mobile-disabled=\"false\" class=\"elementor-section elementor-inner-section elementor-element elementor-element-7470a67 elementor-section-boxed elementor-section-height-default elementor-section-height-default\" data-id=\"7470a67\" data-element_type=\"section\" data-settings=\"{&quot;jet_parallax_layout_list&quot;:[],&quot;_ha_eqh_enable&quot;:false,&quot;ekit_has_onepagescroll_dot&quot;:&quot;yes&quot;}\">\n\t\t\t\t\t\t\t<div class=\"elementor-background-overlay\"><\/div>\n\t\t\t\t\t\t\t<div class=\"elementor-container elementor-column-gap-default\">\n\t\t\t\t\t<div class=\"elementor-column elementor-col-50 elementor-inner-column elementor-element elementor-element-f7d9d6e\" data-id=\"f7d9d6e\" data-element_type=\"column\">\n\t\t\t<div class=\"elementor-widget-wrap elementor-element-populated\">\n\t\t\t\t\t\t\t\t<div class=\"elementor-element elementor-element-13d5260 elementor-invisible elementor-widget elementor-widget-text-editor\" data-id=\"13d5260\" data-element_type=\"widget\" data-settings=\"{&quot;_animation&quot;:&quot;zoomIn&quot;,&quot;ekit_we_effect_on&quot;:&quot;none&quot;}\" data-widget_type=\"text-editor.default\">\n\t\t\t\t<div class=\"elementor-widget-container\">\n\t\t\t<style>\/*! elementor - v3.6.5 - 27-04-2022 *\/\n.elementor-widget-text-editor.elementor-drop-cap-view-stacked .elementor-drop-cap{background-color:#818a91;color:#fff}.elementor-widget-text-editor.elementor-drop-cap-view-framed .elementor-drop-cap{color:#818a91;border:3px solid;background-color:transparent}.elementor-widget-text-editor:not(.elementor-drop-cap-view-default) .elementor-drop-cap{margin-top:8px}.elementor-widget-text-editor:not(.elementor-drop-cap-view-default) .elementor-drop-cap-letter{width:1em;height:1em}.elementor-widget-text-editor .elementor-drop-cap{float:left;text-align:center;line-height:1;font-size:50px}.elementor-widget-text-editor .elementor-drop-cap-letter{display:inline-block}<\/style>\t\t\t\t<p>Acupuntura Digital Trigramas Chineses foi desenvolvido pelos professores Eloneide Ferreira Marques e Adalb\u00ebrt Ribeiro para facilitar o trabalho dos terapeutas, por ser uma t\u00e9cnica indolor, simples e sem inser\u00e7\u00e3o de agulhas, na pele, usamos apenas os desenhos dos trigramas nos pontos de acupuntura, para tratar os padr\u00f5es de desarmonia que geram as doen\u00e7as.<\/p><p>Foi inspirada pelos estudos dos \u00d6zhi The Icheman (m\u00famia mais antiga j\u00e1 encontrada e com s\u00edmbolos dos trigramas no corpo), juntando a curiosidade do I Ching e Vasos maravilhosos, que s\u00e3o pontos de acupuntura que fazem com que a energia ancestral circule pelo corpo. A t\u00e9cnica vem beneficiando diversos pacientes, com s\u00edndromes variadas, inclusive efeitos colaterais de tratamento de c\u00e2ncer. Sendo totalmente indolor, promove circula\u00e7\u00e3o de energia pelo corpo melhorando o equil\u00edbrio f\u00edsico e emocional.<\/p><p>Nosso corpo \u00e9 afetado pelo desequil\u00edbrio dessas duas for\u00e7as energ\u00e9ticas. Quando estamos em desequil\u00edbrio, podemos ficar doentes.<\/p>\t\t\t\t\t\t<\/div>\n\t\t\t\t<\/div>\n\t\t\t\t<div class=\"elementor-element elementor-element-e339467 elementor-view-default elementor-widget elementor-widget-icon\" data-id=\"e339467\" data-element_type=\"widget\" data-settings=\"{&quot;ekit_we_effect_on&quot;:&quot;none&quot;}\" data-widget_type=\"icon.default\">\n\t\t\t\t<div class=\"elementor-widget-container\">\n\t\t\t\t\t<div class=\"elementor-icon-wrapper\">\n\t\t\t<div class=\"elementor-icon\">\n\t\t\t<i aria-hidden=\"true\" class=\"hm hm-lotus\"><\/i>\t\t\t<\/div>\n\t\t<\/div>\n\t\t\t\t<\/div>\n\t\t\t\t<\/div>\n\t\t\t\t\t<\/div>\n\t\t<\/div>\n\t\t\t\t<div class=\"elementor-column elementor-col-50 elementor-inner-column elementor-element elementor-element-84b5bb5\" data-id=\"84b5bb5\" data-element_type=\"column\">\n\t\t\t<div class=\"elementor-widget-wrap elementor-element-populated\">\n\t\t\t\t\t\t\t\t<div class=\"elementor-element elementor-element-d224cf2 elementor-widget elementor-widget-image\" data-id=\"d224cf2\" data-element_type=\"widget\" data-settings=\"{&quot;ekit_we_effect_on&quot;:&quot;none&quot;}\" data-widget_type=\"image.default\">\n\t\t\t\t<div class=\"elementor-widget-container\">\n\t\t\t<style>\/*! elementor - v3.6.5 - 27-04-2022 *\/\n.elementor-widget-image{text-align:center}.elementor-widget-image a{display:inline-block}.elementor-widget-image a img[src$=\".svg\"]{width:48px}.elementor-widget-image img{vertical-align:middle;display:inline-block}<\/style>\t\t\t\t\t\t\t\t\t\t\t\t<img decoding=\"async\" width=\"800\" height=\"880\" src=\"https:\/\/carlamarques.com.br\/terapias-integrativas\/wp-content\/uploads\/sites\/4\/2022\/05\/Layer-4-new-931x1024.jpg\" class=\"attachment-large size-large\" alt=\"\" loading=\"lazy\" srcset=\"https:\/\/carlamarques.com.br\/terapias-integrativas\/wp-content\/uploads\/sites\/4\/2022\/05\/Layer-4-new-931x1024.jpg 931w, https:\/\/carlamarques.com.br\/terapias-integrativas\/wp-content\/uploads\/sites\/4\/2022\/05\/Layer-4-new-273x300.jpg 273w, https:\/\/carlamarques.com.br\/terapias-integrativas\/wp-content\/uploads\/sites\/4\/2022\/05\/Layer-4-new-768x845.jpg 768w, https:\/\/carlamarques.com.br\/terapias-integrativas\/wp-content\/uploads\/sites\/4\/2022\/05\/Layer-4-new.jpg 1000w\" sizes=\"(max-width: 800px) 100vw, 800px\" \/>\t\t\t\t\t\t\t\t\t\t\t\t\t\t\t<\/div>\n\t\t\t\t<\/div>\n\t\t\t\t\t<\/div>\n\t\t<\/div>\n\t\t\t\t\t\t\t<\/div>\n\t\t<\/section>\n\t\t\t\t<section data-particle_enable=\"false\" data-particle-mobile-disabled=\"false\" class=\"elementor-section elementor-inner-section elementor-element elementor-element-49200c7 elementor-section-boxed elementor-section-height-default elementor-section-height-default\" data-id=\"49200c7\" data-element_type=\"section\" data-settings=\"{&quot;jet_parallax_layout_list&quot;:[],&quot;_ha_eqh_enable&quot;:false,&quot;ekit_has_onepagescroll_dot&quot;:&quot;yes&quot;}\">\n\t\t\t\t\t\t\t<div class=\"elementor-background-overlay\"><\/div>\n\t\t\t\t\t\t\t<div class=\"elementor-container elementor-column-gap-default\">\n\t\t\t\t\t<div class=\"elementor-column elementor-col-50 elementor-inner-column elementor-element elementor-element-370bea3\" data-id=\"370bea3\" data-element_type=\"column\" data-settings=\"{&quot;background_background&quot;:&quot;classic&quot;}\">\n\t\t\t<div class=\"elementor-widget-wrap elementor-element-populated\">\n\t\t\t\t\t\t\t\t<div class=\"elementor-element elementor-element-3a1a170 elementor-invisible elementor-widget elementor-widget-heading\" data-id=\"3a1a170\" data-element_type=\"widget\" data-settings=\"{&quot;_animation&quot;:&quot;fadeInLeft&quot;,&quot;ekit_we_effect_on&quot;:&quot;none&quot;}\" data-widget_type=\"heading.default\">\n\t\t\t\t<div class=\"elementor-widget-container\">\n\t\t\t<h2 class=\"elementor-heading-title elementor-size-default\">Ter os 7 chakras em equil\u00edbrio, harmonia, em alinhamento \u00e9 fundamental para a nossa sa\u00fade e bem estar. \u00c9 poss\u00edvel equilibrar os chakras de v\u00e1rias formas, por exemplo: Reiki, Florais, Fitoenerg\u00e9tica, Cristais, Magnified Healing, Yoga e at\u00e9 Medita\u00e7\u00e3o.<\/h2>\t\t<\/div>\n\t\t\t\t<\/div>\n\t\t\t\t<div class=\"elementor-element elementor-element-2fddf53 elementor-align-center elementor-invisible elementor-widget elementor-widget-button\" data-id=\"2fddf53\" data-element_type=\"widget\" data-settings=\"{&quot;_animation&quot;:&quot;fadeInUp&quot;,&quot;_animation_delay&quot;:1000,&quot;ekit_we_effect_on&quot;:&quot;none&quot;}\" data-widget_type=\"button.default\">\n\t\t\t\t<div class=\"elementor-widget-container\">\n\t\t\t\t\t<div class=\"elementor-button-wrapper\">\n\t\t\t<a href=\"#contato\" class=\"elementor-button-link elementor-button elementor-size-sm elementor-animation-grow\" role=\"button\">\n\t\t\t\t\t\t<span class=\"elementor-button-content-wrapper\">\n\t\t\t\t\t\t<span class=\"elementor-button-text\">Agende um hor\u00e1rio<\/span>\n\t\t<\/span>\n\t\t\t\t\t<\/a>\n\t\t<\/div>\n\t\t\t\t<\/div>\n\t\t\t\t<\/div>\n\t\t\t\t\t<\/div>\n\t\t<\/div>\n\t\t\t\t<div class=\"elementor-column elementor-col-50 elementor-inner-column elementor-element elementor-element-5000861\" data-id=\"5000861\" data-element_type=\"column\">\n\t\t\t<div class=\"elementor-widget-wrap\">\n\t\t\t\t\t\t\t\t\t<\/div>\n\t\t<\/div>\n\t\t\t\t\t\t\t<\/div>\n\t\t<\/section>\n\t\t\t\t\t<\/div>\n\t\t<\/div>\n\t\t\t\t\t\t\t<\/div>\n\t\t<\/section>\n\t\t\t\t\t\t\t<\/div>\n\t\t","protected":false},"excerpt":{"rendered":"<p>Acupuntura Digital \u2013 Trigramas Chineses Acupuntura Digital Trigramas Chineses foi desenvolvido pelos professores Eloneide Ferreira Marques e Adalb\u00ebrt Ribeiro para facilitar o trabalho dos terapeutas, por ser uma t\u00e9cnica indolor, simples e sem inser\u00e7\u00e3o de agulhas, na pele, usamos apenas os desenhos dos trigramas nos pontos de acupuntura, para tratar os padr\u00f5es de desarmonia que [&hellip;]<\/p>\n","protected":false},"author":1,"featured_media":0,"parent":0,"menu_order":0,"comment_status":"closed","ping_status":"closed","template":"elementor_header_footer","meta":[],"_links":{"self":[{"href":"https:\/\/carlamarques.com.br\/terapias-integrativas\/wp-json\/wp\/v2\/pages\/446"}],"collection":[{"href":"https:\/\/carlamarques.com.br\/terapias-integrativas\/wp-json\/wp\/v2\/pages"}],"about":[{"href":"https:\/\/carlamarques.com.br\/terapias-integrativas\/wp-json\/wp\/v2\/types\/page"}],"author":[{"embeddable":true,"href":"https:\/\/carlamarques.com.br\/terapias-integrativas\/wp-json\/wp\/v2\/users\/1"}],"replies":[{"embeddable":true,"href":"https:\/\/carlamarques.com.br\/terapias-integrativas\/wp-json\/wp\/v2\/comments?post=446"}],"version-history":[{"count":28,"href":"https:\/\/carlamarques.com.br\/terapias-integrativas\/wp-json\/wp\/v2\/pages\/446\/revisions"}],"predecessor-version":[{"id":476,"href":"https:\/\/carlamarques.com.br\/terapias-integrativas\/wp-json\/wp\/v2\/pages\/446\/revisions\/476"}],"wp:attachment":[{"href":"https:\/\/carlamarques.com.br\/terapias-integrativas\/wp-json\/wp\/v2\/media?parent=446"}],"curies":[{"name":"wp","href":"https:\/\/api.w.org\/{rel}","templated":true}]}}