{"id":523,"date":"2022-05-28T18:12:57","date_gmt":"2022-05-28T21:12:57","guid":{"rendered":"https:\/\/carlamarques.com.br\/terapias-integrativas\/?page_id=523"},"modified":"2022-05-28T18:20:24","modified_gmt":"2022-05-28T21:20:24","slug":"terapia-transpessoal","status":"publish","type":"page","link":"https:\/\/carlamarques.com.br\/terapias-integrativas\/terapia-transpessoal\/","title":{"rendered":"Terapia Transpessoal"},"content":{"rendered":"\t\t<div data-elementor-type=\"wp-page\" data-elementor-id=\"523\" class=\"elementor elementor-523\">\n\t\t\t\t\t\t\t\t\t<section data-particle_enable=\"false\" data-particle-mobile-disabled=\"false\" class=\"elementor-section elementor-top-section elementor-element elementor-element-0160c32 elementor-section-full_width elementor-section-height-default elementor-section-height-default\" data-id=\"0160c32\" data-element_type=\"section\" data-settings=\"{&quot;background_background&quot;:&quot;classic&quot;,&quot;shape_divider_bottom&quot;:&quot;mountains&quot;,&quot;jet_parallax_layout_list&quot;:[],&quot;_ha_eqh_enable&quot;:false,&quot;ekit_has_onepagescroll_dot&quot;:&quot;yes&quot;}\">\n\t\t\t\t\t\t\t<div class=\"elementor-background-overlay\"><\/div>\n\t\t\t\t\t\t<div class=\"elementor-shape elementor-shape-bottom\" data-negative=\"false\">\n\t\t\t<svg xmlns=\"http:\/\/www.w3.org\/2000\/svg\" viewBox=\"0 0 1000 100\" preserveAspectRatio=\"none\">\n\t<path class=\"elementor-shape-fill\" opacity=\"0.33\" d=\"M473,67.3c-203.9,88.3-263.1-34-320.3,0C66,119.1,0,59.7,0,59.7V0h1000v59.7 c0,0-62.1,26.1-94.9,29.3c-32.8,3.3-62.8-12.3-75.8-22.1C806,49.6,745.3,8.7,694.9,4.7S492.4,59,473,67.3z\"\/>\n\t<path class=\"elementor-shape-fill\" opacity=\"0.66\" d=\"M734,67.3c-45.5,0-77.2-23.2-129.1-39.1c-28.6-8.7-150.3-10.1-254,39.1 s-91.7-34.4-149.2,0C115.7,118.3,0,39.8,0,39.8V0h1000v36.5c0,0-28.2-18.5-92.1-18.5C810.2,18.1,775.7,67.3,734,67.3z\"\/>\n\t<path class=\"elementor-shape-fill\" d=\"M766.1,28.9c-200-57.5-266,65.5-395.1,19.5C242,1.8,242,5.4,184.8,20.6C128,35.8,132.3,44.9,89.9,52.5C28.6,63.7,0,0,0,0 h1000c0,0-9.9,40.9-83.6,48.1S829.6,47,766.1,28.9z\"\/>\n<\/svg>\t\t<\/div>\n\t\t\t\t\t<div class=\"elementor-container elementor-column-gap-default\">\n\t\t\t\t\t<div class=\"elementor-column elementor-col-100 elementor-top-column elementor-element elementor-element-9454355\" data-id=\"9454355\" data-element_type=\"column\">\n\t\t\t<div class=\"elementor-widget-wrap elementor-element-populated\">\n\t\t\t\t\t\t\t\t<div class=\"elementor-element elementor-element-9c099a1 elementor-invisible elementor-widget elementor-widget-heading\" data-id=\"9c099a1\" data-element_type=\"widget\" data-settings=\"{&quot;_animation&quot;:&quot;fadeInLeft&quot;,&quot;ekit_we_effect_on&quot;:&quot;none&quot;}\" data-widget_type=\"heading.default\">\n\t\t\t\t<div class=\"elementor-widget-container\">\n\t\t\t<style>\/*! elementor - v3.6.5 - 27-04-2022 *\/\n.elementor-heading-title{padding:0;margin:0;line-height:1}.elementor-widget-heading .elementor-heading-title[class*=elementor-size-]>a{color:inherit;font-size:inherit;line-height:inherit}.elementor-widget-heading .elementor-heading-title.elementor-size-small{font-size:15px}.elementor-widget-heading .elementor-heading-title.elementor-size-medium{font-size:19px}.elementor-widget-heading .elementor-heading-title.elementor-size-large{font-size:29px}.elementor-widget-heading .elementor-heading-title.elementor-size-xl{font-size:39px}.elementor-widget-heading .elementor-heading-title.elementor-size-xxl{font-size:59px}<\/style><h2 class=\"elementor-heading-title elementor-size-default\">Terapia Transpessoal<\/h2>\t\t<\/div>\n\t\t\t\t<\/div>\n\t\t\t\t<section data-particle_enable=\"false\" data-particle-mobile-disabled=\"false\" class=\"elementor-section elementor-inner-section elementor-element elementor-element-31b2a87 elementor-section-boxed elementor-section-height-default elementor-section-height-default\" data-id=\"31b2a87\" data-element_type=\"section\" data-settings=\"{&quot;jet_parallax_layout_list&quot;:[],&quot;_ha_eqh_enable&quot;:false,&quot;ekit_has_onepagescroll_dot&quot;:&quot;yes&quot;}\">\n\t\t\t\t\t\t\t<div class=\"elementor-background-overlay\"><\/div>\n\t\t\t\t\t\t\t<div class=\"elementor-container elementor-column-gap-default\">\n\t\t\t\t\t<div class=\"elementor-column elementor-col-50 elementor-inner-column elementor-element elementor-element-8e63384\" data-id=\"8e63384\" data-element_type=\"column\">\n\t\t\t<div class=\"elementor-widget-wrap elementor-element-populated\">\n\t\t\t\t\t\t\t\t<div class=\"elementor-element elementor-element-c43288f elementor-invisible elementor-widget elementor-widget-heading\" data-id=\"c43288f\" data-element_type=\"widget\" data-settings=\"{&quot;_animation&quot;:&quot;fadeInLeft&quot;,&quot;ekit_we_effect_on&quot;:&quot;none&quot;}\" data-widget_type=\"heading.default\">\n\t\t\t\t<div class=\"elementor-widget-container\">\n\t\t\t<h2 class=\"elementor-heading-title elementor-size-default\">Caminho da Cura Integral<\/h2>\t\t<\/div>\n\t\t\t\t<\/div>\n\t\t\t\t<div class=\"elementor-element elementor-element-d873752 elementor-invisible elementor-widget elementor-widget-text-editor\" data-id=\"d873752\" data-element_type=\"widget\" data-settings=\"{&quot;_animation&quot;:&quot;zoomIn&quot;,&quot;ekit_we_effect_on&quot;:&quot;none&quot;}\" data-widget_type=\"text-editor.default\">\n\t\t\t\t<div class=\"elementor-widget-container\">\n\t\t\t<style>\/*! elementor - v3.6.5 - 27-04-2022 *\/\n.elementor-widget-text-editor.elementor-drop-cap-view-stacked .elementor-drop-cap{background-color:#818a91;color:#fff}.elementor-widget-text-editor.elementor-drop-cap-view-framed .elementor-drop-cap{color:#818a91;border:3px solid;background-color:transparent}.elementor-widget-text-editor:not(.elementor-drop-cap-view-default) .elementor-drop-cap{margin-top:8px}.elementor-widget-text-editor:not(.elementor-drop-cap-view-default) .elementor-drop-cap-letter{width:1em;height:1em}.elementor-widget-text-editor .elementor-drop-cap{float:left;text-align:center;line-height:1;font-size:50px}.elementor-widget-text-editor .elementor-drop-cap-letter{display:inline-block}<\/style>\t\t\t\t<p class=\"p2\">Pensamentos e sentimentos, condicionamentos e cren\u00e7as, que trazemos como bagagem desta e de outras vidas, refletem nosso estado atual de sa\u00fade ou de desequil\u00edbrio. O esp\u00edrito imp\u00f5e ao corpo e \u00e0 mente sua condi\u00e7\u00e3o e limita\u00e7\u00f5es. Com foco na consci\u00eancia, na transcend\u00eancia e na espiritualidade, a terapia transpessoal pode ser um caminho para quem busca ajuda. Tem como objetivo tratar o ser hol\u00edstico, incluindo as dimens\u00f5es energ\u00e9tica e espiritual. Transcendendo as barreiras do ego, expandindo a consci\u00eancia usual e explorando o sexto sentido que nos conecta as esferas sutis, ativando nossa capacidade de auto cura.<\/p><p class=\"p2\">Tendo como foco o estudo dos estados de consci\u00eancia, da transcend\u00eancia, da espiritualidade e dos valores positivos do ser, a terapia transpessoal acredita que cada paciente \u00e9 \u00fanico, ou seja, a terapia transpessoal \u00e9 recomendada para quem reconhece e valoriza a espiritualidade como dimens\u00e3o importante da realidade existencial e utiliza tamb\u00e9m algumas t\u00e9cnicas:<\/p>\t\t\t\t\t\t<\/div>\n\t\t\t\t<\/div>\n\t\t\t\t<div class=\"elementor-element elementor-element-c2e9cbb elementor-icon-list--layout-traditional elementor-list-item-link-full_width elementor-widget elementor-widget-icon-list\" data-id=\"c2e9cbb\" data-element_type=\"widget\" data-settings=\"{&quot;ekit_we_effect_on&quot;:&quot;none&quot;}\" data-widget_type=\"icon-list.default\">\n\t\t\t\t<div class=\"elementor-widget-container\">\n\t\t\t<link rel=\"stylesheet\" href=\"https:\/\/carlamarques.com.br\/terapias-integrativas\/wp-content\/plugins\/elementor\/assets\/css\/widget-icon-list.min.css\">\t\t<ul class=\"elementor-icon-list-items\">\n\t\t\t\t\t\t\t<li class=\"elementor-icon-list-item\">\n\t\t\t\t\t\t\t\t\t\t\t<span class=\"elementor-icon-list-icon\">\n\t\t\t\t\t\t\t<i aria-hidden=\"true\" class=\"fas fa-arrow-circle-right\"><\/i>\t\t\t\t\t\t<\/span>\n\t\t\t\t\t\t\t\t\t\t<span class=\"elementor-icon-list-text\">M\u00fasica e Dan\u00e7a<\/span>\n\t\t\t\t\t\t\t\t\t<\/li>\n\t\t\t\t\t\t\t\t<li class=\"elementor-icon-list-item\">\n\t\t\t\t\t\t\t\t\t\t\t<span class=\"elementor-icon-list-icon\">\n\t\t\t\t\t\t\t<i aria-hidden=\"true\" class=\"fas fa-arrow-circle-right\"><\/i>\t\t\t\t\t\t<\/span>\n\t\t\t\t\t\t\t\t\t\t<span class=\"elementor-icon-list-text\">Visualiza\u00e7\u00e3o Criativa<\/span>\n\t\t\t\t\t\t\t\t\t<\/li>\n\t\t\t\t\t\t\t\t<li class=\"elementor-icon-list-item\">\n\t\t\t\t\t\t\t\t\t\t\t<span class=\"elementor-icon-list-icon\">\n\t\t\t\t\t\t\t<i aria-hidden=\"true\" class=\"fas fa-arrow-circle-right\"><\/i>\t\t\t\t\t\t<\/span>\n\t\t\t\t\t\t\t\t\t\t<span class=\"elementor-icon-list-text\">Medita\u00e7\u00e3o e Mandalas<\/span>\n\t\t\t\t\t\t\t\t\t<\/li>\n\t\t\t\t\t\t\t\t<li class=\"elementor-icon-list-item\">\n\t\t\t\t\t\t\t\t\t\t\t<span class=\"elementor-icon-list-icon\">\n\t\t\t\t\t\t\t<i aria-hidden=\"true\" class=\"fas fa-arrow-circle-right\"><\/i>\t\t\t\t\t\t<\/span>\n\t\t\t\t\t\t\t\t\t\t<span class=\"elementor-icon-list-text\">Entre outros<\/span>\n\t\t\t\t\t\t\t\t\t<\/li>\n\t\t\t\t\t\t<\/ul>\n\t\t\t\t<\/div>\n\t\t\t\t<\/div>\n\t\t\t\t<div class=\"elementor-element elementor-element-b7136b5 elementor-invisible elementor-widget elementor-widget-text-editor\" data-id=\"b7136b5\" data-element_type=\"widget\" data-settings=\"{&quot;_animation&quot;:&quot;zoomIn&quot;,&quot;ekit_we_effect_on&quot;:&quot;none&quot;}\" data-widget_type=\"text-editor.default\">\n\t\t\t\t<div class=\"elementor-widget-container\">\n\t\t\t\t\t\t\t<p class=\"p2\">O m\u00e9todo psicoter\u00e1pico tamb\u00e9m pode beneficiar os que vivenciam crises profundas decorrentes da expans\u00e3o da consci\u00eancia usual<b>,\u00a0<\/b>que s\u00e3o muitas vezes confundidos com doentes mentais. \u201cPessoas de todas as idades podem participar do tratamento, o que difere \u00e9 a abordagem escolhida pelo terapeuta para cada paciente e seu caso\u201d, lembra.<\/p><p class=\"p2\">A abordagem transpessoal n\u00e3o v\u00ea a personalidade humana como limitada. Na realidade, ela considera certos tra\u00e7os e atributos de car\u00e1ter como uma m\u00e1scara de nossa verdadeira ess\u00eancia. \u00c9 como se as pessoas que somos perante os outros fossem apenas uma casca que transporta as nossas almas. Nesse sentido, quem somos de maneira consciente \u00e9 apenas uma janela para os nossos seres transpessoais.<\/p><p class=\"p2\">\u00c9 por isso que a psicologia transpessoal aborda, igualmente, todos os aspectos do ser (espiritual, social, intelectual, emocional, f\u00edsico e criativo), para ajudar as pessoas a se curarem e, consequentemente, se potencializarem e crescerem. Ao melhorar todas as suas capacidades internas, um indiv\u00edduo pode se tornar um poderoso agente de mudan\u00e7as e transforma\u00e7\u00f5es.<\/p><p class=\"p2\">A psicologia transpessoal \u00e9 um processo de autoconhecimento e auto realiza\u00e7\u00e3o, que tem como objetivo ajudar as pessoas a descobrirem o n\u00facleo profundo de sua ess\u00eancia. Dentro dessa abordagem, as terapias funcionam construindo e expandindo as qualidades de um indiv\u00edduo, levando-o a aprender a utilizar os seus pr\u00f3prios recursos para solucionar conflitos internos e criar um senso de equil\u00edbrio e harmonia em sua vida<\/p><p class=\"p2\">Nesse contexto, os terapeutas transpessoais podem se basear em diferentes tipos de t\u00e9cnicas, que ser\u00e3o apresentadas de uma maneira que os seus pacientes possam continuar a utiliz\u00e1-las al\u00e9m da terapia. Para que realmente sejam positivas e eficazes, \u00e9 importante que essas t\u00e9cnicas sejam adaptadas \u00e0s necessidades espec\u00edficas de cada indiv\u00edduo.<\/p><p class=\"p2\">A psicologia transpessoal abrange uma ampla variedade de ideias que nada t\u00eam a ver com o aspecto religioso, mas sim com a mente e o comportamento das pessoas de uma forma mais abrangente. \u00c9 uma abordagem que considera toda a experi\u00eancia humana, incluindo corpo, mente e esp\u00edrito. Gostou de saber mais a respeito do assunto?<\/p><p class=\"p1\">Aproveite para passar o conhecimento adiante compartilhando este artigo em suas redes sociais!<\/p><p class=\"p1\">Preso \u00e0s ra\u00edzes profundas de viv\u00eancias passadas, o esp\u00edrito cristaliza suas m\u00e1goas, ressentimentos, rela\u00e7\u00f5es problem\u00e1ticas, preocupa\u00e7\u00f5es, medos que o afetam e se transformam em doen\u00e7as. Depress\u00e3o, ansiedade, s\u00edndrome do p\u00e2nico, transtorno bipolar, TOC, esquizofrenia e tantos outros r\u00f3tulos psicopatol\u00f3gicos.<\/p>\t\t\t\t\t\t<\/div>\n\t\t\t\t<\/div>\n\t\t\t\t<div class=\"elementor-element elementor-element-61875a2 elementor-view-default elementor-widget elementor-widget-icon\" data-id=\"61875a2\" data-element_type=\"widget\" data-settings=\"{&quot;ekit_we_effect_on&quot;:&quot;none&quot;}\" data-widget_type=\"icon.default\">\n\t\t\t\t<div class=\"elementor-widget-container\">\n\t\t\t\t\t<div class=\"elementor-icon-wrapper\">\n\t\t\t<div class=\"elementor-icon\">\n\t\t\t<i aria-hidden=\"true\" class=\"hm hm-lotus\"><\/i>\t\t\t<\/div>\n\t\t<\/div>\n\t\t\t\t<\/div>\n\t\t\t\t<\/div>\n\t\t\t\t\t<\/div>\n\t\t<\/div>\n\t\t\t\t<div class=\"elementor-column elementor-col-50 elementor-inner-column elementor-element elementor-element-00bd61a\" data-id=\"00bd61a\" data-element_type=\"column\">\n\t\t\t<div class=\"elementor-widget-wrap elementor-element-populated\">\n\t\t\t\t\t\t\t\t<div class=\"elementor-element elementor-element-f5da3ca elementor-widget elementor-widget-image\" data-id=\"f5da3ca\" data-element_type=\"widget\" data-settings=\"{&quot;ekit_we_effect_on&quot;:&quot;none&quot;}\" data-widget_type=\"image.default\">\n\t\t\t\t<div class=\"elementor-widget-container\">\n\t\t\t<style>\/*! elementor - v3.6.5 - 27-04-2022 *\/\n.elementor-widget-image{text-align:center}.elementor-widget-image a{display:inline-block}.elementor-widget-image a img[src$=\".svg\"]{width:48px}.elementor-widget-image img{vertical-align:middle;display:inline-block}<\/style>\t\t\t\t\t\t\t\t\t\t\t\t<img decoding=\"async\" width=\"800\" height=\"800\" src=\"https:\/\/carlamarques.com.br\/terapias-integrativas\/wp-content\/uploads\/sites\/4\/2022\/05\/blog1-new.jpg\" class=\"attachment-large size-large\" alt=\"\" loading=\"lazy\" srcset=\"https:\/\/carlamarques.com.br\/terapias-integrativas\/wp-content\/uploads\/sites\/4\/2022\/05\/blog1-new.jpg 800w, https:\/\/carlamarques.com.br\/terapias-integrativas\/wp-content\/uploads\/sites\/4\/2022\/05\/blog1-new-300x300.jpg 300w, https:\/\/carlamarques.com.br\/terapias-integrativas\/wp-content\/uploads\/sites\/4\/2022\/05\/blog1-new-150x150.jpg 150w, https:\/\/carlamarques.com.br\/terapias-integrativas\/wp-content\/uploads\/sites\/4\/2022\/05\/blog1-new-768x768.jpg 768w\" sizes=\"(max-width: 800px) 100vw, 800px\" \/>\t\t\t\t\t\t\t\t\t\t\t\t\t\t\t<\/div>\n\t\t\t\t<\/div>\n\t\t\t\t\t<\/div>\n\t\t<\/div>\n\t\t\t\t\t\t\t<\/div>\n\t\t<\/section>\n\t\t\t\t<section data-particle_enable=\"false\" data-particle-mobile-disabled=\"false\" class=\"elementor-section elementor-inner-section elementor-element elementor-element-0df4d3b elementor-section-boxed elementor-section-height-default elementor-section-height-default\" data-id=\"0df4d3b\" data-element_type=\"section\" data-settings=\"{&quot;jet_parallax_layout_list&quot;:[],&quot;_ha_eqh_enable&quot;:false,&quot;ekit_has_onepagescroll_dot&quot;:&quot;yes&quot;}\">\n\t\t\t\t\t\t\t<div class=\"elementor-background-overlay\"><\/div>\n\t\t\t\t\t\t\t<div class=\"elementor-container elementor-column-gap-default\">\n\t\t\t\t\t<div class=\"elementor-column elementor-col-50 elementor-inner-column elementor-element elementor-element-87b972f\" data-id=\"87b972f\" data-element_type=\"column\" data-settings=\"{&quot;background_background&quot;:&quot;classic&quot;}\">\n\t\t\t<div class=\"elementor-widget-wrap elementor-element-populated\">\n\t\t\t\t\t\t\t\t<div class=\"elementor-element elementor-element-0c282b0 elementor-invisible elementor-widget elementor-widget-heading\" data-id=\"0c282b0\" data-element_type=\"widget\" data-settings=\"{&quot;_animation&quot;:&quot;fadeInLeft&quot;,&quot;ekit_we_effect_on&quot;:&quot;none&quot;}\" data-widget_type=\"heading.default\">\n\t\t\t\t<div class=\"elementor-widget-container\">\n\t\t\t<h2 class=\"elementor-heading-title elementor-size-default\">As terapias tocam o cora\u00e7\u00e3o de cada de forma diferente e desperta a verdade e o modo de cada um trabalhar, segundo sua alma.<\/h2>\t\t<\/div>\n\t\t\t\t<\/div>\n\t\t\t\t<div class=\"elementor-element elementor-element-70e7f9f elementor-align-center elementor-invisible elementor-widget elementor-widget-button\" data-id=\"70e7f9f\" data-element_type=\"widget\" data-settings=\"{&quot;_animation&quot;:&quot;fadeInUp&quot;,&quot;_animation_delay&quot;:1000,&quot;ekit_we_effect_on&quot;:&quot;none&quot;}\" data-widget_type=\"button.default\">\n\t\t\t\t<div class=\"elementor-widget-container\">\n\t\t\t\t\t<div class=\"elementor-button-wrapper\">\n\t\t\t<a href=\"#elementor-action%3Aaction%3Dpopup%3Aopen%26settings%3DeyJpZCI6IjUxNCIsInRvZ2dsZSI6ZmFsc2V9\" class=\"elementor-button-link elementor-button elementor-size-sm elementor-animation-grow\" role=\"button\">\n\t\t\t\t\t\t<span class=\"elementor-button-content-wrapper\">\n\t\t\t\t\t\t<span class=\"elementor-button-text\">Agende um hor\u00e1rio<\/span>\n\t\t<\/span>\n\t\t\t\t\t<\/a>\n\t\t<\/div>\n\t\t\t\t<\/div>\n\t\t\t\t<\/div>\n\t\t\t\t\t<\/div>\n\t\t<\/div>\n\t\t\t\t<div class=\"elementor-column elementor-col-50 elementor-inner-column elementor-element elementor-element-de90d94\" data-id=\"de90d94\" data-element_type=\"column\">\n\t\t\t<div class=\"elementor-widget-wrap\">\n\t\t\t\t\t\t\t\t\t<\/div>\n\t\t<\/div>\n\t\t\t\t\t\t\t<\/div>\n\t\t<\/section>\n\t\t\t\t\t<\/div>\n\t\t<\/div>\n\t\t\t\t\t\t\t<\/div>\n\t\t<\/section>\n\t\t\t\t\t\t\t<\/div>\n\t\t","protected":false},"excerpt":{"rendered":"<p>Terapia Transpessoal Caminho da Cura Integral Pensamentos e sentimentos, condicionamentos e cren\u00e7as, que trazemos como bagagem desta e de outras vidas, refletem nosso estado atual de sa\u00fade ou de desequil\u00edbrio. O esp\u00edrito imp\u00f5e ao corpo e \u00e0 mente sua condi\u00e7\u00e3o e limita\u00e7\u00f5es. Com foco na consci\u00eancia, na transcend\u00eancia e na espiritualidade, a terapia transpessoal pode [&hellip;]<\/p>\n","protected":false},"author":1,"featured_media":0,"parent":0,"menu_order":0,"comment_status":"closed","ping_status":"closed","template":"elementor_header_footer","meta":[],"_links":{"self":[{"href":"https:\/\/carlamarques.com.br\/terapias-integrativas\/wp-json\/wp\/v2\/pages\/523"}],"collection":[{"href":"https:\/\/carlamarques.com.br\/terapias-integrativas\/wp-json\/wp\/v2\/pages"}],"about":[{"href":"https:\/\/carlamarques.com.br\/terapias-integrativas\/wp-json\/wp\/v2\/types\/page"}],"author":[{"embeddable":true,"href":"https:\/\/carlamarques.com.br\/terapias-integrativas\/wp-json\/wp\/v2\/users\/1"}],"replies":[{"embeddable":true,"href":"https:\/\/carlamarques.com.br\/terapias-integrativas\/wp-json\/wp\/v2\/comments?post=523"}],"version-history":[{"count":10,"href":"https:\/\/carlamarques.com.br\/terapias-integrativas\/wp-json\/wp\/v2\/pages\/523\/revisions"}],"predecessor-version":[{"id":540,"href":"https:\/\/carlamarques.com.br\/terapias-integrativas\/wp-json\/wp\/v2\/pages\/523\/revisions\/540"}],"wp:attachment":[{"href":"https:\/\/carlamarques.com.br\/terapias-integrativas\/wp-json\/wp\/v2\/media?parent=523"}],"curies":[{"name":"wp","href":"https:\/\/api.w.org\/{rel}","templated":true}]}}